{"id":45,"date":"2023-04-13T22:45:23","date_gmt":"2023-04-13T22:45:23","guid":{"rendered":"https:\/\/gausa2.wilden.es\/?page_id=45"},"modified":"2025-11-18T23:47:43","modified_gmt":"2025-11-18T21:47:43","slug":"sutilrecords","status":"publish","type":"page","link":"https:\/\/wp.davidgausa.com\/en\/sutilrecords\/","title":{"rendered":"Sutil Records"},"content":{"rendered":"<div data-elementor-type=\"wp-page\" data-elementor-id=\"45\" class=\"elementor elementor-45\" data-elementor-post-type=\"page\">\n\t\t\t\t<div class=\"elementor-element elementor-element-a33abdb e-flex e-con-boxed e-con e-parent\" data-id=\"a33abdb\" data-element_type=\"container\">\n\t\t\t\t\t<div class=\"e-con-inner\">\n\t\t\t\t<div class=\"elementor-element elementor-element-4d0328a elementor-widget elementor-widget-image\" data-id=\"4d0328a\" data-element_type=\"widget\" data-widget_type=\"image.default\">\n\t\t\t\t\t\t\t\t\t\t\t\t\t\t\t<img decoding=\"async\" src=\"https:\/\/wp.davidgausa.com\/wp-content\/uploads\/2024\/06\/sutil_banner.jpg\" title=\"\" alt=\"\" loading=\"lazy\" \/>\t\t\t\t\t\t\t\t\t\t\t\t\t\t\t<\/div>\n\t\t\t\t<div class=\"elementor-element elementor-element-fc5ed7d elementor-widget elementor-widget-text-editor\" data-id=\"fc5ed7d\" data-element_type=\"widget\" data-widget_type=\"text-editor.default\">\n\t\t\t\t\t\t\t\t\t<p><strong>Sutil Records<\/strong> is the record label of <strong>David Gausa<\/strong> which boasts over 20 years of activity. It has earned international respect by releasing original tracks and remixes of artists such as <strong>David Tort<\/strong>, <strong>D-Formation<\/strong>, <strong>Mihai Popoviciu<\/strong>, <strong>Mendo<\/strong>, <strong>The Scumfrog<\/strong>\u2026, or legendary vocalists and divas of House music such as <strong>Barbara Tucker<\/strong> either <strong>Shena<\/strong>. It is also a platform to launch your own more personal projects.<\/p><p>DJs like <strong>Pete Tong<\/strong>, <strong>Roger Sanchez<\/strong>, <strong>John Digweed<\/strong>, <strong>Sasha<\/strong>, <strong>Mark Knight<\/strong>, <strong>Danny Tenaglia<\/strong>, <strong>Groove Armada<\/strong>, <strong>Paul Van Dyk<\/strong> either <strong>Thomas Gold<\/strong>, among many others, have supported the references of <strong>Sutil Records<\/strong>.<\/p>\t\t\t\t\t\t\t\t<\/div>\n\t\t\t\t\t<\/div>\n\t\t\t\t<\/div>\n\t\t<div class=\"elementor-element elementor-element-2a238c6 e-flex e-con-boxed e-con e-parent\" data-id=\"2a238c6\" data-element_type=\"container\">\n\t\t\t\t\t<div class=\"e-con-inner\">\n\t\t<div class=\"elementor-element elementor-element-7b1cb0dd e-con-full e-flex elementor-invisible e-con e-child\" data-id=\"7b1cb0dd\" data-element_type=\"container\" data-settings=\"{&quot;animation&quot;:&quot;fadeInRight&quot;,&quot;animation_mobile&quot;:&quot;none&quot;}\">\n\t\t\t\t<div class=\"elementor-element elementor-element-5e81da6 elementor-widget elementor-widget-video\" data-id=\"5e81da6\" data-element_type=\"widget\" data-settings=\"{&quot;youtube_url&quot;:&quot;https:\\\/\\\/youtu.be\\\/FZPKyMpC8n0?si=exRuZqZklBZB6DIZ&quot;,&quot;video_type&quot;:&quot;youtube&quot;,&quot;controls&quot;:&quot;yes&quot;}\" data-widget_type=\"video.default\">\n\t\t\t\t\t\t\t<div class=\"elementor-wrapper elementor-open-inline\">\n\t\t\t<div class=\"elementor-video\"><\/div>\t\t<\/div>\n\t\t\t\t\t\t<\/div>\n\t\t\t\t<div class=\"elementor-element elementor-element-fe03d08 elementor-widget elementor-widget-video\" data-id=\"fe03d08\" data-element_type=\"widget\" data-settings=\"{&quot;youtube_url&quot;:&quot;https:\\\/\\\/www.youtube.com\\\/watch?v=FMKYXCeQ5S0&quot;,&quot;video_type&quot;:&quot;youtube&quot;,&quot;controls&quot;:&quot;yes&quot;}\" data-widget_type=\"video.default\">\n\t\t\t\t\t\t\t<div class=\"elementor-wrapper elementor-open-inline\">\n\t\t\t<div class=\"elementor-video\"><\/div>\t\t<\/div>\n\t\t\t\t\t\t<\/div>\n\t\t\t\t<\/div>\n\t\t<div class=\"elementor-element elementor-element-7a984d6c e-con-full e-flex elementor-invisible e-con e-child\" data-id=\"7a984d6c\" data-element_type=\"container\" data-settings=\"{&quot;background_background&quot;:&quot;classic&quot;,&quot;animation&quot;:&quot;fadeInLeft&quot;,&quot;animation_mobile&quot;:&quot;none&quot;}\">\n\t\t\t\t<div class=\"elementor-element elementor-element-1fb0cc5e elementor-widget elementor-widget-audio\" data-id=\"1fb0cc5e\" data-element_type=\"widget\" data-widget_type=\"audio.default\">\n\t\t\t\t\t\t\t\t<div class=\"elementor-soundcloud-wrapper\">\n\t\t\t\t<iframe width=\"800\" height=\"450\" frameborder=\"no\" src=\"https:\/\/w.soundcloud.com\/player\/?visual=false&#038;url=https%3A%2F%2Fapi.soundcloud.com%2Fplaylists%2F386364338&#038;show_artwork=true&#038;maxheight=1000&#038;maxwidth=800&#038;auto_play=false&#038;buying=true&#038;liking=true&#038;download=false&#038;sharing=true&#038;show_comments=false&#038;show_playcount=false&#038;show_user=true&#038;color\"><\/iframe>\t\t\t<\/div>\n\t\t\t\t\t\t\t<\/div>\n\t\t<div class=\"elementor-element elementor-element-11ee50f e-grid e-con-boxed e-con e-child\" data-id=\"11ee50f\" data-element_type=\"container\">\n\t\t\t\t\t<div class=\"e-con-inner\">\n\t\t\t\t<div class=\"elementor-element elementor-element-2a67ecc elementor-widget elementor-widget-image\" data-id=\"2a67ecc\" data-element_type=\"widget\" data-widget_type=\"image.default\">\n\t\t\t\t\t\t\t\t\t\t\t\t\t\t\t\t<a href=\"https:\/\/www.beatport.com\/label\/sutil-records\/478\" target=\"_blank\">\n\t\t\t\t\t\t\t<img decoding=\"async\" src=\"https:\/\/wp.davidgausa.com\/wp-content\/uploads\/2024\/06\/beatportbutton.png\" title=\"\" alt=\"\" loading=\"lazy\" \/>\t\t\t\t\t\t\t\t<\/a>\n\t\t\t\t\t\t\t\t\t\t\t\t\t\t\t<\/div>\n\t\t\t\t<div class=\"elementor-element elementor-element-39fa3c4 elementor-widget elementor-widget-image\" data-id=\"39fa3c4\" data-element_type=\"widget\" data-widget_type=\"image.default\">\n\t\t\t\t\t\t\t\t\t\t\t\t\t\t\t\t<a href=\"https:\/\/music.apple.com\/es\/artist\/david-gausa\/131647703\" target=\"_blank\">\n\t\t\t\t\t\t\t<img fetchpriority=\"high\" decoding=\"async\" width=\"400\" height=\"147\" src=\"https:\/\/wp.davidgausa.com\/wp-content\/uploads\/2023\/04\/alemusicbutton.png\" class=\"attachment-large size-large wp-image-174\" alt=\"\" srcset=\"https:\/\/wp.davidgausa.com\/wp-content\/uploads\/2023\/04\/alemusicbutton.png 400w, https:\/\/wp.davidgausa.com\/wp-content\/uploads\/2023\/04\/alemusicbutton-300x110.png 300w\" sizes=\"(max-width: 400px) 100vw, 400px\" \/>\t\t\t\t\t\t\t\t<\/a>\n\t\t\t\t\t\t\t\t\t\t\t\t\t\t\t<\/div>\n\t\t\t\t<div class=\"elementor-element elementor-element-452b925 elementor-widget elementor-widget-image\" data-id=\"452b925\" data-element_type=\"widget\" data-widget_type=\"image.default\">\n\t\t\t\t\t\t\t\t\t\t\t\t\t\t\t\t<a href=\"https:\/\/open.spotify.com\/artist\/608xcOfmXeEmO426VOW5SY\" target=\"_blank\">\n\t\t\t\t\t\t\t<img decoding=\"async\" src=\"https:\/\/wp.davidgausa.com\/wp-content\/uploads\/2023\/04\/Spotifybuttonplay.png\" title=\"\" alt=\"\" loading=\"lazy\" \/>\t\t\t\t\t\t\t\t<\/a>\n\t\t\t\t\t\t\t\t\t\t\t\t\t\t\t<\/div>\n\t\t\t\t<div class=\"elementor-element elementor-element-2f8b0ad elementor-widget elementor-widget-image\" data-id=\"2f8b0ad\" data-element_type=\"widget\" data-widget_type=\"image.default\">\n\t\t\t\t\t\t\t\t\t\t\t\t\t\t\t\t<a href=\"https:\/\/soundcloud.com\/davidgausa\/sets\/music-productions\" target=\"_blank\">\n\t\t\t\t\t\t\t<img decoding=\"async\" src=\"https:\/\/wp.davidgausa.com\/wp-content\/uploads\/2023\/04\/Soouncloudbutton.png\" title=\"\" alt=\"\" loading=\"lazy\" \/>\t\t\t\t\t\t\t\t<\/a>\n\t\t\t\t\t\t\t\t\t\t\t\t\t\t\t<\/div>\n\t\t\t\t\t<\/div>\n\t\t\t\t<\/div>\n\t\t\t\t<\/div>\n\t\t\t\t\t<\/div>\n\t\t\t\t<\/div>\n\t\t\t\t<\/div>","protected":false},"excerpt":{"rendered":"<p>Sutil Records es el sello discogr\u00e1fico de David Gausa que goza de m\u00e1s de 20 a\u00f1os de actividad. Ha conseguido el respeto internacional lanzando originales y remezclas de artistas como David Tort, D-Formation, Mihai Popoviciu, Mendo, The Scumfrog&#8230;, o mi\u0301ticas vocalistas y divas del House como Barbara Tucker o Shena. Es tambi\u00e9n una plataforma para [&hellip;]<\/p>","protected":false},"author":2,"featured_media":0,"parent":0,"menu_order":0,"comment_status":"closed","ping_status":"closed","template":"","meta":{"footnotes":""},"class_list":["post-45","page","type-page","status-publish","hentry"],"yoast_head":"<!-- This site is optimized with the Yoast SEO Premium plugin v26.3 (Yoast SEO v26.3) - https:\/\/yoast.com\/wordpress\/plugins\/seo\/ -->\n<title>Sutil Records - David Gausa<\/title>\n<meta name=\"robots\" content=\"index, follow, max-snippet:-1, max-image-preview:large, max-video-preview:-1\" \/>\n<link rel=\"canonical\" href=\"https:\/\/wp.davidgausa.com\/en\/sutilrecords\/\" \/>\n<meta property=\"og:locale\" content=\"en_GB\" \/>\n<meta property=\"og:type\" content=\"article\" \/>\n<meta property=\"og:title\" content=\"Sutil Records\" \/>\n<meta property=\"og:description\" content=\"Sutil Records es el sello discogr\u00e1fico de David Gausa que goza de m\u00e1s de 20 a\u00f1os de actividad. Ha conseguido el respeto internacional lanzando originales y remezclas de artistas como David Tort, D-Formation, Mihai Popoviciu, Mendo, The Scumfrog&#8230;, o mi\u0301ticas vocalistas y divas del House como Barbara Tucker o Shena. Es tambi\u00e9n una plataforma para [&hellip;]\" \/>\n<meta property=\"og:url\" content=\"https:\/\/wp.davidgausa.com\/en\/sutilrecords\/\" \/>\n<meta property=\"og:site_name\" content=\"David Gausa\" \/>\n<meta property=\"article:modified_time\" content=\"2025-11-18T21:47:43+00:00\" \/>\n<meta property=\"og:image\" content=\"https:\/\/wp.davidgausa.com\/wp-content\/uploads\/2024\/06\/sutil_banner.jpg\" \/>\n<meta name=\"twitter:card\" content=\"summary_large_image\" \/>\n<meta name=\"twitter:label1\" content=\"Estimated reading time\" \/>\n\t<meta name=\"twitter:data1\" content=\"2 minutes\" \/>\n<script type=\"application\/ld+json\" class=\"yoast-schema-graph\">{\"@context\":\"https:\/\/schema.org\",\"@graph\":[{\"@type\":\"WebPage\",\"@id\":\"https:\/\/wp.davidgausa.com\/en\/sutilrecords\/\",\"url\":\"https:\/\/wp.davidgausa.com\/en\/sutilrecords\/\",\"name\":\"Sutil Records - David Gausa\",\"isPartOf\":{\"@id\":\"https:\/\/wp.davidgausa.com\/en\/#website\"},\"primaryImageOfPage\":{\"@id\":\"https:\/\/wp.davidgausa.com\/en\/sutilrecords\/#primaryimage\"},\"image\":{\"@id\":\"https:\/\/wp.davidgausa.com\/en\/sutilrecords\/#primaryimage\"},\"thumbnailUrl\":\"https:\/\/wp.davidgausa.com\/wp-content\/uploads\/2024\/06\/sutil_banner.jpg\",\"datePublished\":\"2023-04-13T22:45:23+00:00\",\"dateModified\":\"2025-11-18T21:47:43+00:00\",\"breadcrumb\":{\"@id\":\"https:\/\/wp.davidgausa.com\/en\/sutilrecords\/#breadcrumb\"},\"inLanguage\":\"en-GB\",\"potentialAction\":[{\"@type\":\"ReadAction\",\"target\":[\"https:\/\/wp.davidgausa.com\/en\/sutilrecords\/\"]}]},{\"@type\":\"ImageObject\",\"inLanguage\":\"en-GB\",\"@id\":\"https:\/\/wp.davidgausa.com\/en\/sutilrecords\/#primaryimage\",\"url\":\"https:\/\/wp.davidgausa.com\/wp-content\/uploads\/2024\/06\/sutil_banner.jpg\",\"contentUrl\":\"https:\/\/wp.davidgausa.com\/wp-content\/uploads\/2024\/06\/sutil_banner.jpg\"},{\"@type\":\"BreadcrumbList\",\"@id\":\"https:\/\/wp.davidgausa.com\/en\/sutilrecords\/#breadcrumb\",\"itemListElement\":[{\"@type\":\"ListItem\",\"position\":1,\"name\":\"Portada\",\"item\":\"https:\/\/wp.davidgausa.com\/en\/\"},{\"@type\":\"ListItem\",\"position\":2,\"name\":\"Sutil Records\"}]},{\"@type\":\"WebSite\",\"@id\":\"https:\/\/wp.davidgausa.com\/en\/#website\",\"url\":\"https:\/\/wp.davidgausa.com\/en\/\",\"name\":\"David Gausa\",\"description\":\"\",\"publisher\":{\"@id\":\"https:\/\/wp.davidgausa.com\/en\/#organization\"},\"potentialAction\":[{\"@type\":\"SearchAction\",\"target\":{\"@type\":\"EntryPoint\",\"urlTemplate\":\"https:\/\/wp.davidgausa.com\/en\/?s={search_term_string}\"},\"query-input\":{\"@type\":\"PropertyValueSpecification\",\"valueRequired\":true,\"valueName\":\"search_term_string\"}}],\"inLanguage\":\"en-GB\"},{\"@type\":\"Organization\",\"@id\":\"https:\/\/wp.davidgausa.com\/en\/#organization\",\"name\":\"David Gausa\",\"url\":\"https:\/\/wp.davidgausa.com\/en\/\",\"logo\":{\"@type\":\"ImageObject\",\"inLanguage\":\"en-GB\",\"@id\":\"https:\/\/wp.davidgausa.com\/en\/#\/schema\/logo\/image\/\",\"url\":\"https:\/\/wp.davidgausa.com\/wp-content\/uploads\/2024\/06\/logo-header-01.png\",\"contentUrl\":\"https:\/\/wp.davidgausa.com\/wp-content\/uploads\/2024\/06\/logo-header-01.png\",\"width\":294,\"height\":50,\"caption\":\"David Gausa\"},\"image\":{\"@id\":\"https:\/\/wp.davidgausa.com\/en\/#\/schema\/logo\/image\/\"}}]}<\/script>\n<!-- \/ Yoast SEO Premium plugin. -->","yoast_head_json":{"title":"Sutil Records - David Gausa","robots":{"index":"index","follow":"follow","max-snippet":"max-snippet:-1","max-image-preview":"max-image-preview:large","max-video-preview":"max-video-preview:-1"},"canonical":"https:\/\/wp.davidgausa.com\/en\/sutilrecords\/","og_locale":"en_GB","og_type":"article","og_title":"Sutil Records","og_description":"Sutil Records es el sello discogr\u00e1fico de David Gausa que goza de m\u00e1s de 20 a\u00f1os de actividad. Ha conseguido el respeto internacional lanzando originales y remezclas de artistas como David Tort, D-Formation, Mihai Popoviciu, Mendo, The Scumfrog&#8230;, o mi\u0301ticas vocalistas y divas del House como Barbara Tucker o Shena. Es tambi\u00e9n una plataforma para [&hellip;]","og_url":"https:\/\/wp.davidgausa.com\/en\/sutilrecords\/","og_site_name":"David Gausa","article_modified_time":"2025-11-18T21:47:43+00:00","og_image":[{"url":"https:\/\/wp.davidgausa.com\/wp-content\/uploads\/2024\/06\/sutil_banner.jpg","type":"","width":"","height":""}],"twitter_card":"summary_large_image","twitter_misc":{"Estimated reading time":"2 minutes"},"schema":{"@context":"https:\/\/schema.org","@graph":[{"@type":"WebPage","@id":"https:\/\/wp.davidgausa.com\/en\/sutilrecords\/","url":"https:\/\/wp.davidgausa.com\/en\/sutilrecords\/","name":"Sutil Records - David Gausa","isPartOf":{"@id":"https:\/\/wp.davidgausa.com\/en\/#website"},"primaryImageOfPage":{"@id":"https:\/\/wp.davidgausa.com\/en\/sutilrecords\/#primaryimage"},"image":{"@id":"https:\/\/wp.davidgausa.com\/en\/sutilrecords\/#primaryimage"},"thumbnailUrl":"https:\/\/wp.davidgausa.com\/wp-content\/uploads\/2024\/06\/sutil_banner.jpg","datePublished":"2023-04-13T22:45:23+00:00","dateModified":"2025-11-18T21:47:43+00:00","breadcrumb":{"@id":"https:\/\/wp.davidgausa.com\/en\/sutilrecords\/#breadcrumb"},"inLanguage":"en-GB","potentialAction":[{"@type":"ReadAction","target":["https:\/\/wp.davidgausa.com\/en\/sutilrecords\/"]}]},{"@type":"ImageObject","inLanguage":"en-GB","@id":"https:\/\/wp.davidgausa.com\/en\/sutilrecords\/#primaryimage","url":"https:\/\/wp.davidgausa.com\/wp-content\/uploads\/2024\/06\/sutil_banner.jpg","contentUrl":"https:\/\/wp.davidgausa.com\/wp-content\/uploads\/2024\/06\/sutil_banner.jpg"},{"@type":"BreadcrumbList","@id":"https:\/\/wp.davidgausa.com\/en\/sutilrecords\/#breadcrumb","itemListElement":[{"@type":"ListItem","position":1,"name":"Portada","item":"https:\/\/wp.davidgausa.com\/en\/"},{"@type":"ListItem","position":2,"name":"Sutil Records"}]},{"@type":"WebSite","@id":"https:\/\/wp.davidgausa.com\/en\/#website","url":"https:\/\/wp.davidgausa.com\/en\/","name":"David Gausa","description":"","publisher":{"@id":"https:\/\/wp.davidgausa.com\/en\/#organization"},"potentialAction":[{"@type":"SearchAction","target":{"@type":"EntryPoint","urlTemplate":"https:\/\/wp.davidgausa.com\/en\/?s={search_term_string}"},"query-input":{"@type":"PropertyValueSpecification","valueRequired":true,"valueName":"search_term_string"}}],"inLanguage":"en-GB"},{"@type":"Organization","@id":"https:\/\/wp.davidgausa.com\/en\/#organization","name":"David Gausa","url":"https:\/\/wp.davidgausa.com\/en\/","logo":{"@type":"ImageObject","inLanguage":"en-GB","@id":"https:\/\/wp.davidgausa.com\/en\/#\/schema\/logo\/image\/","url":"https:\/\/wp.davidgausa.com\/wp-content\/uploads\/2024\/06\/logo-header-01.png","contentUrl":"https:\/\/wp.davidgausa.com\/wp-content\/uploads\/2024\/06\/logo-header-01.png","width":294,"height":50,"caption":"David Gausa"},"image":{"@id":"https:\/\/wp.davidgausa.com\/en\/#\/schema\/logo\/image\/"}}]}},"_links":{"self":[{"href":"https:\/\/wp.davidgausa.com\/en\/wp-json\/wp\/v2\/pages\/45","targetHints":{"allow":["GET"]}}],"collection":[{"href":"https:\/\/wp.davidgausa.com\/en\/wp-json\/wp\/v2\/pages"}],"about":[{"href":"https:\/\/wp.davidgausa.com\/en\/wp-json\/wp\/v2\/types\/page"}],"author":[{"embeddable":true,"href":"https:\/\/wp.davidgausa.com\/en\/wp-json\/wp\/v2\/users\/2"}],"replies":[{"embeddable":true,"href":"https:\/\/wp.davidgausa.com\/en\/wp-json\/wp\/v2\/comments?post=45"}],"version-history":[{"count":3,"href":"https:\/\/wp.davidgausa.com\/en\/wp-json\/wp\/v2\/pages\/45\/revisions"}],"predecessor-version":[{"id":4186,"href":"https:\/\/wp.davidgausa.com\/en\/wp-json\/wp\/v2\/pages\/45\/revisions\/4186"}],"wp:attachment":[{"href":"https:\/\/wp.davidgausa.com\/en\/wp-json\/wp\/v2\/media?parent=45"}],"curies":[{"name":"wp","href":"https:\/\/api.w.org\/{rel}","templated":true}]}}