{"id":867,"date":"2023-04-23T19:26:08","date_gmt":"2023-04-23T19:26:08","guid":{"rendered":"https:\/\/gausa2.wilden.es\/?page_id=417"},"modified":"2025-11-21T01:41:20","modified_gmt":"2025-11-20T23:41:20","slug":"dj-club","status":"publish","type":"page","link":"https:\/\/wp.davidgausa.com\/en\/dj-club\/","title":{"rendered":"DJ Club"},"content":{"rendered":"<div data-elementor-type=\"wp-page\" data-elementor-id=\"867\" class=\"elementor elementor-867\" data-elementor-post-type=\"page\">\n\t\t\t\t<div class=\"elementor-element elementor-element-676dd69d e-con-full e-flex e-con e-parent\" data-id=\"676dd69d\" data-element_type=\"container\">\n\t\t\t\t<div class=\"elementor-element elementor-element-58156d03 elementor-hidden-tablet elementor-hidden-mobile elementor-hidden-desktop elementor-widget elementor-widget-heading\" data-id=\"58156d03\" data-element_type=\"widget\" data-widget_type=\"heading.default\">\n\t\t\t\t\t<h1 class=\"elementor-heading-title elementor-size-default\">DJ Club<\/h1>\t\t\t\t<\/div>\n\t\t\t\t<\/div>\n\t\t<div class=\"elementor-element elementor-element-6f28940 e-flex e-con-boxed e-con e-parent\" data-id=\"6f28940\" data-element_type=\"container\">\n\t\t\t\t\t<div class=\"e-con-inner\">\n\t\t\t\t<div class=\"elementor-element elementor-element-5470f4e elementor-widget elementor-widget-heading\" data-id=\"5470f4e\" data-element_type=\"widget\" data-widget_type=\"heading.default\">\n\t\t\t\t\t<h1 class=\"elementor-heading-title elementor-size-default\">DJ Club<\/h1>\t\t\t\t<\/div>\n\t\t\t\t<div class=\"elementor-element elementor-element-aa43e2d elementor-widget elementor-widget-text-editor\" data-id=\"aa43e2d\" data-element_type=\"widget\" data-widget_type=\"text-editor.default\">\n\t\t\t\t\t\t\t\t\t<p><strong>David Gausa<\/strong> It is very prominently a <strong>DJ Club<\/strong>, Or, in other words, a club DJ. A leading figure in club music since the 90s, he has been awarded a<strong> Ibiza DJ Awards<\/strong> for contributing to its expansion and spread.<\/p><p>He has made his mark as a weekly resident DJ at the mega-club <strong>Amnesia Ibiza<\/strong>, in the best years of the legendary <strong>Atlantis<\/strong> from Sitges\/Barcelona, being a regular in <strong>Pacha<\/strong> or the vanished and legendary <strong>Space Ibiza<\/strong> for promoters like <strong>Matinee Group<\/strong> either <strong>We Love Sundays<\/strong> at <strong>Space<\/strong>. He was in charge of closing the <strong>B-Parade Festival<\/strong> (the Barcelona \u201cLove Parade\u201d), which was held for the first time in Barcelona with the attendance of <strong>+100,000 people<\/strong>, and <strong>has gone around the planet<\/strong> with its sound among many other outstanding achievements.<\/p><p>One of her latest achievements has been to be part of the show <strong>Maestro Live Show<\/strong>, which combines a symphony orchestra with DJ sets, with one of the artists performing on stage. An unprecedented event that has been met with acclaim from both audiences and critics, having been held three times at the legendary opera house. <strong>Gran Teatre del Liceu<\/strong> of <strong>Barcelona<\/strong>, in the majestic <strong>Royal Theatre<\/strong> of <strong>Madrid<\/strong>, in it <strong>Castell de Peralada Festival<\/strong> and in the <strong>Cru\u00eflla Festival<\/strong> held in the <strong>Llu\u00eds Companys Olympic Stadium<\/strong> of <strong>Barcelona<\/strong>.<\/p><p>He has also been a resident DJ and has created very elegant atmospheres in top-level venues such as the <strong>W Doha Hotel &amp; Residences<\/strong> of <strong>Qatar<\/strong>, and recently in the luxurious &#039;\u2018<strong>Official Hospitality Program<\/strong>\u2018&#039;from the prestigious <strong>Louis Vuitton 37th America&#039;s Cup<\/strong> sailing, which took place in her hometown of Barcelona in 2024.<\/p>\t\t\t\t\t\t\t\t<\/div>\n\t\t\t\t\t<\/div>\n\t\t\t\t<\/div>\n\t\t<div class=\"elementor-element elementor-element-3a63269 e-flex e-con-boxed e-con e-parent\" data-id=\"3a63269\" data-element_type=\"container\">\n\t\t\t\t\t<div class=\"e-con-inner\">\n\t\t<div class=\"elementor-element elementor-element-34008b7 e-con-full e-flex e-con e-child\" data-id=\"34008b7\" data-element_type=\"container\">\n\t\t\t\t<div class=\"elementor-element elementor-element-e19b204 elementor-widget elementor-widget-video\" data-id=\"e19b204\" data-element_type=\"widget\" data-settings=\"{&quot;youtube_url&quot;:&quot;https:\\\/\\\/www.youtube.com\\\/watch?v=qlfcNRuhJ_c&quot;,&quot;yt_privacy&quot;:&quot;yes&quot;,&quot;video_type&quot;:&quot;youtube&quot;,&quot;controls&quot;:&quot;yes&quot;}\" data-widget_type=\"video.default\">\n\t\t\t\t\t\t\t<div class=\"elementor-wrapper elementor-open-inline\">\n\t\t\t<div class=\"elementor-video\"><\/div>\t\t<\/div>\n\t\t\t\t\t\t<\/div>\n\t\t\t\t<\/div>\n\t\t<div class=\"elementor-element elementor-element-d50a38c e-con-full e-flex e-con e-child\" data-id=\"d50a38c\" data-element_type=\"container\">\n\t\t\t\t<div class=\"elementor-element elementor-element-858a597 elementor-widget elementor-widget-video\" data-id=\"858a597\" data-element_type=\"widget\" data-settings=\"{&quot;youtube_url&quot;:&quot;https:\\\/\\\/www.youtube.com\\\/watch?v=5H4Ihzc_uGQ&quot;,&quot;yt_privacy&quot;:&quot;yes&quot;,&quot;video_type&quot;:&quot;youtube&quot;,&quot;controls&quot;:&quot;yes&quot;}\" data-widget_type=\"video.default\">\n\t\t\t\t\t\t\t<div class=\"elementor-wrapper elementor-open-inline\">\n\t\t\t<div class=\"elementor-video\"><\/div>\t\t<\/div>\n\t\t\t\t\t\t<\/div>\n\t\t\t\t<\/div>\n\t\t<div class=\"elementor-element elementor-element-dabfd53 e-con-full e-flex e-con e-child\" data-id=\"dabfd53\" data-element_type=\"container\">\n\t\t\t\t<div class=\"elementor-element elementor-element-f22a700 elementor-widget elementor-widget-video\" data-id=\"f22a700\" data-element_type=\"widget\" data-settings=\"{&quot;youtube_url&quot;:&quot;https:\\\/\\\/www.youtube.com\\\/watch?v=_cDT6VqXiOo&quot;,&quot;yt_privacy&quot;:&quot;yes&quot;,&quot;video_type&quot;:&quot;youtube&quot;,&quot;controls&quot;:&quot;yes&quot;}\" data-widget_type=\"video.default\">\n\t\t\t\t\t\t\t<div class=\"elementor-wrapper elementor-open-inline\">\n\t\t\t<div class=\"elementor-video\"><\/div>\t\t<\/div>\n\t\t\t\t\t\t<\/div>\n\t\t\t\t<\/div>\n\t\t\t\t\t<\/div>\n\t\t\t\t<\/div>\n\t\t<div class=\"elementor-element elementor-element-a4c9101 e-flex e-con-boxed e-con e-parent\" data-id=\"a4c9101\" data-element_type=\"container\">\n\t\t\t\t\t<div class=\"e-con-inner\">\n\t\t\t\t<div class=\"elementor-element elementor-element-b2621e3 elementor-widget elementor-widget-text-editor\" data-id=\"b2621e3\" data-element_type=\"widget\" data-widget_type=\"text-editor.default\">\n\t\t\t\t\t\t\t\t\t<div class=\"elementor-element elementor-element-1f7a7e0 elementor-widget elementor-widget-text-editor\" data-id=\"1f7a7e0\" data-element_type=\"widget\" data-widget_type=\"text-editor.default\"><div class=\"elementor-widget-container\"><p>Would you like to discover more details about the different facets of <strong>David Gausa<\/strong>?<\/p><\/div><\/div>\t\t\t\t\t\t\t\t<\/div>\n\t\t\t\t\t<\/div>\n\t\t\t\t<\/div>\n\t\t<div class=\"elementor-element elementor-element-78fbbf4 e-flex e-con-boxed e-con e-parent\" data-id=\"78fbbf4\" data-element_type=\"container\">\n\t\t\t\t\t<div class=\"e-con-inner\">\n\t\t<div class=\"elementor-element elementor-element-6b30c77 e-con-full e-flex e-con e-child\" data-id=\"6b30c77\" data-element_type=\"container\">\n\t\t\t\t<div class=\"elementor-element elementor-element-5271b10 elementor-widget elementor-widget-image\" data-id=\"5271b10\" data-element_type=\"widget\" data-widget_type=\"image.default\">\n\t\t\t\t\t\t\t\t\t\t\t\t\t\t\t\t<a href=\"https:\/\/wp.davidgausa.com\/en\/bio\/\">\n\t\t\t\t\t\t\t<img fetchpriority=\"high\" decoding=\"async\" width=\"400\" height=\"147\" src=\"https:\/\/wp.davidgausa.com\/wp-content\/uploads\/boton-bio.png\" class=\"elementor-animation-grow attachment-large size-large wp-image-2172\" alt=\"\" srcset=\"https:\/\/wp.davidgausa.com\/wp-content\/uploads\/boton-bio.png 400w, https:\/\/wp.davidgausa.com\/wp-content\/uploads\/boton-bio-300x110.png 300w\" sizes=\"(max-width: 400px) 100vw, 400px\" \/>\t\t\t\t\t\t\t\t<\/a>\n\t\t\t\t\t\t\t\t\t\t\t\t\t\t\t<\/div>\n\t\t\t\t<\/div>\n\t\t<div class=\"elementor-element elementor-element-507014a e-con-full e-flex e-con e-child\" data-id=\"507014a\" data-element_type=\"container\">\n\t\t\t\t<div class=\"elementor-element elementor-element-b2bf870 elementor-widget elementor-widget-image\" data-id=\"b2bf870\" data-element_type=\"widget\" data-widget_type=\"image.default\">\n\t\t\t\t\t\t\t\t\t\t\t\t\t\t\t\t<a href=\"https:\/\/wp.davidgausa.com\/en\/discography\/\">\n\t\t\t\t\t\t\t<img decoding=\"async\" width=\"400\" height=\"147\" src=\"https:\/\/wp.davidgausa.com\/wp-content\/uploads\/boton-producer.png\" class=\"elementor-animation-grow attachment-large size-large wp-image-2090\" alt=\"\" srcset=\"https:\/\/wp.davidgausa.com\/wp-content\/uploads\/boton-producer.png 400w, https:\/\/wp.davidgausa.com\/wp-content\/uploads\/boton-producer-300x110.png 300w\" sizes=\"(max-width: 400px) 100vw, 400px\" \/>\t\t\t\t\t\t\t\t<\/a>\n\t\t\t\t\t\t\t\t\t\t\t\t\t\t\t<\/div>\n\t\t\t\t<\/div>\n\t\t<div class=\"elementor-element elementor-element-396e875 e-con-full e-flex e-con e-child\" data-id=\"396e875\" data-element_type=\"container\">\n\t\t\t\t<div class=\"elementor-element elementor-element-f9f46b5 elementor-widget elementor-widget-image\" data-id=\"f9f46b5\" data-element_type=\"widget\" data-widget_type=\"image.default\">\n\t\t\t\t\t\t\t\t\t\t\t\t\t\t\t\t<a href=\"https:\/\/wp.davidgausa.com\/en\/classroom\/\">\n\t\t\t\t\t\t\t<img decoding=\"async\" width=\"400\" height=\"147\" src=\"https:\/\/wp.davidgausa.com\/wp-content\/uploads\/boton-classroom.png\" class=\"elementor-animation-grow attachment-large size-large wp-image-2104\" alt=\"\" srcset=\"https:\/\/wp.davidgausa.com\/wp-content\/uploads\/boton-classroom.png 400w, https:\/\/wp.davidgausa.com\/wp-content\/uploads\/boton-classroom-300x110.png 300w\" sizes=\"(max-width: 400px) 100vw, 400px\" \/>\t\t\t\t\t\t\t\t<\/a>\n\t\t\t\t\t\t\t\t\t\t\t\t\t\t\t<\/div>\n\t\t\t\t<\/div>\n\t\t\t\t\t<\/div>\n\t\t\t\t<\/div>\n\t\t\t\t<\/div>","protected":false},"excerpt":{"rendered":"<p>David Gausa es de forma muy destacada un Club DJ, o lo que es lo mismo, un DJ de Club. Abanderado de la m\u00fasica de club desde los a\u00f1os 90, por ello ha sido galardonado con un Ibiza DJ Awards por contribuir a su expansi\u00f3n y propagaci\u00f3n. Ha dejado huella como DJ residente semanal en [&hellip;]<\/p>","protected":false},"author":2,"featured_media":970,"parent":0,"menu_order":0,"comment_status":"closed","ping_status":"closed","template":"","meta":{"footnotes":""},"class_list":["post-867","page","type-page","status-publish","has-post-thumbnail","hentry"],"yoast_head":"<!-- This site is optimized with the Yoast SEO Premium plugin v26.3 (Yoast SEO v26.3) - https:\/\/yoast.com\/wordpress\/plugins\/seo\/ -->\n<title>Club DJ - David Gausa<\/title>\n<meta name=\"robots\" content=\"index, follow, max-snippet:-1, max-image-preview:large, max-video-preview:-1\" \/>\n<link rel=\"canonical\" href=\"https:\/\/wp.davidgausa.com\/en\/dj-club\/\" \/>\n<meta property=\"og:locale\" content=\"en_GB\" \/>\n<meta property=\"og:type\" content=\"article\" \/>\n<meta property=\"og:title\" content=\"Club DJ\" \/>\n<meta property=\"og:description\" content=\"David Gausa es de forma muy destacada un Club DJ, o lo que es lo mismo, un DJ de Club. Abanderado de la m\u00fasica de club desde los a\u00f1os 90, por ello ha sido galardonado con un Ibiza DJ Awards por contribuir a su expansi\u00f3n y propagaci\u00f3n. Ha dejado huella como DJ residente semanal en [&hellip;]\" \/>\n<meta property=\"og:url\" content=\"https:\/\/wp.davidgausa.com\/en\/dj-club\/\" \/>\n<meta property=\"og:site_name\" content=\"David Gausa\" \/>\n<meta property=\"article:modified_time\" content=\"2025-11-20T23:41:20+00:00\" \/>\n<meta property=\"og:image\" content=\"https:\/\/wp.davidgausa.com\/wp-content\/uploads\/2023\/04\/IMG_20230423_024507-scaled-1.jpg\" \/>\n\t<meta property=\"og:image:width\" content=\"2560\" \/>\n\t<meta property=\"og:image:height\" content=\"1152\" \/>\n\t<meta property=\"og:image:type\" content=\"image\/jpeg\" \/>\n<meta name=\"twitter:card\" content=\"summary_large_image\" \/>\n<meta name=\"twitter:label1\" content=\"Estimated reading time\" \/>\n\t<meta name=\"twitter:data1\" content=\"3 minutes\" \/>\n<script type=\"application\/ld+json\" class=\"yoast-schema-graph\">{\"@context\":\"https:\/\/schema.org\",\"@graph\":[{\"@type\":\"WebPage\",\"@id\":\"https:\/\/wp.davidgausa.com\/club-dj\/\",\"url\":\"https:\/\/wp.davidgausa.com\/club-dj\/\",\"name\":\"Club DJ - David Gausa\",\"isPartOf\":{\"@id\":\"https:\/\/wp.davidgausa.com\/en\/#website\"},\"primaryImageOfPage\":{\"@id\":\"https:\/\/wp.davidgausa.com\/club-dj\/#primaryimage\"},\"image\":{\"@id\":\"https:\/\/wp.davidgausa.com\/club-dj\/#primaryimage\"},\"thumbnailUrl\":\"https:\/\/wp.davidgausa.com\/wp-content\/uploads\/2023\/04\/IMG_20230423_024507-scaled-1.jpg\",\"datePublished\":\"2023-04-23T19:26:08+00:00\",\"dateModified\":\"2025-11-20T23:41:20+00:00\",\"breadcrumb\":{\"@id\":\"https:\/\/wp.davidgausa.com\/club-dj\/#breadcrumb\"},\"inLanguage\":\"en-GB\",\"potentialAction\":[{\"@type\":\"ReadAction\",\"target\":[\"https:\/\/wp.davidgausa.com\/club-dj\/\"]}]},{\"@type\":\"ImageObject\",\"inLanguage\":\"en-GB\",\"@id\":\"https:\/\/wp.davidgausa.com\/club-dj\/#primaryimage\",\"url\":\"https:\/\/wp.davidgausa.com\/wp-content\/uploads\/2023\/04\/IMG_20230423_024507-scaled-1.jpg\",\"contentUrl\":\"https:\/\/wp.davidgausa.com\/wp-content\/uploads\/2023\/04\/IMG_20230423_024507-scaled-1.jpg\",\"width\":2560,\"height\":1152},{\"@type\":\"BreadcrumbList\",\"@id\":\"https:\/\/wp.davidgausa.com\/club-dj\/#breadcrumb\",\"itemListElement\":[{\"@type\":\"ListItem\",\"position\":1,\"name\":\"Portada\",\"item\":\"https:\/\/wp.davidgausa.com\/en\/\"},{\"@type\":\"ListItem\",\"position\":2,\"name\":\"Club DJ\"}]},{\"@type\":\"WebSite\",\"@id\":\"https:\/\/wp.davidgausa.com\/en\/#website\",\"url\":\"https:\/\/wp.davidgausa.com\/en\/\",\"name\":\"David Gausa\",\"description\":\"\",\"publisher\":{\"@id\":\"https:\/\/wp.davidgausa.com\/en\/#organization\"},\"potentialAction\":[{\"@type\":\"SearchAction\",\"target\":{\"@type\":\"EntryPoint\",\"urlTemplate\":\"https:\/\/wp.davidgausa.com\/en\/?s={search_term_string}\"},\"query-input\":{\"@type\":\"PropertyValueSpecification\",\"valueRequired\":true,\"valueName\":\"search_term_string\"}}],\"inLanguage\":\"en-GB\"},{\"@type\":\"Organization\",\"@id\":\"https:\/\/wp.davidgausa.com\/en\/#organization\",\"name\":\"David Gausa\",\"url\":\"https:\/\/wp.davidgausa.com\/en\/\",\"logo\":{\"@type\":\"ImageObject\",\"inLanguage\":\"en-GB\",\"@id\":\"https:\/\/wp.davidgausa.com\/en\/#\/schema\/logo\/image\/\",\"url\":\"https:\/\/wp.davidgausa.com\/wp-content\/uploads\/2024\/06\/logo-header-01.png\",\"contentUrl\":\"https:\/\/wp.davidgausa.com\/wp-content\/uploads\/2024\/06\/logo-header-01.png\",\"width\":294,\"height\":50,\"caption\":\"David Gausa\"},\"image\":{\"@id\":\"https:\/\/wp.davidgausa.com\/en\/#\/schema\/logo\/image\/\"}}]}<\/script>\n<!-- \/ Yoast SEO Premium plugin. -->","yoast_head_json":{"title":"Club DJ - David Gausa","robots":{"index":"index","follow":"follow","max-snippet":"max-snippet:-1","max-image-preview":"max-image-preview:large","max-video-preview":"max-video-preview:-1"},"canonical":"https:\/\/wp.davidgausa.com\/en\/dj-club\/","og_locale":"en_GB","og_type":"article","og_title":"Club DJ","og_description":"David Gausa es de forma muy destacada un Club DJ, o lo que es lo mismo, un DJ de Club. Abanderado de la m\u00fasica de club desde los a\u00f1os 90, por ello ha sido galardonado con un Ibiza DJ Awards por contribuir a su expansi\u00f3n y propagaci\u00f3n. Ha dejado huella como DJ residente semanal en [&hellip;]","og_url":"https:\/\/wp.davidgausa.com\/en\/dj-club\/","og_site_name":"David Gausa","article_modified_time":"2025-11-20T23:41:20+00:00","og_image":[{"width":2560,"height":1152,"url":"https:\/\/wp.davidgausa.com\/wp-content\/uploads\/2023\/04\/IMG_20230423_024507-scaled-1.jpg","type":"image\/jpeg"}],"twitter_card":"summary_large_image","twitter_misc":{"Estimated reading time":"3 minutes"},"schema":{"@context":"https:\/\/schema.org","@graph":[{"@type":"WebPage","@id":"https:\/\/wp.davidgausa.com\/club-dj\/","url":"https:\/\/wp.davidgausa.com\/club-dj\/","name":"Club DJ - David Gausa","isPartOf":{"@id":"https:\/\/wp.davidgausa.com\/en\/#website"},"primaryImageOfPage":{"@id":"https:\/\/wp.davidgausa.com\/club-dj\/#primaryimage"},"image":{"@id":"https:\/\/wp.davidgausa.com\/club-dj\/#primaryimage"},"thumbnailUrl":"https:\/\/wp.davidgausa.com\/wp-content\/uploads\/2023\/04\/IMG_20230423_024507-scaled-1.jpg","datePublished":"2023-04-23T19:26:08+00:00","dateModified":"2025-11-20T23:41:20+00:00","breadcrumb":{"@id":"https:\/\/wp.davidgausa.com\/club-dj\/#breadcrumb"},"inLanguage":"en-GB","potentialAction":[{"@type":"ReadAction","target":["https:\/\/wp.davidgausa.com\/club-dj\/"]}]},{"@type":"ImageObject","inLanguage":"en-GB","@id":"https:\/\/wp.davidgausa.com\/club-dj\/#primaryimage","url":"https:\/\/wp.davidgausa.com\/wp-content\/uploads\/2023\/04\/IMG_20230423_024507-scaled-1.jpg","contentUrl":"https:\/\/wp.davidgausa.com\/wp-content\/uploads\/2023\/04\/IMG_20230423_024507-scaled-1.jpg","width":2560,"height":1152},{"@type":"BreadcrumbList","@id":"https:\/\/wp.davidgausa.com\/club-dj\/#breadcrumb","itemListElement":[{"@type":"ListItem","position":1,"name":"Portada","item":"https:\/\/wp.davidgausa.com\/en\/"},{"@type":"ListItem","position":2,"name":"Club DJ"}]},{"@type":"WebSite","@id":"https:\/\/wp.davidgausa.com\/en\/#website","url":"https:\/\/wp.davidgausa.com\/en\/","name":"David Gausa","description":"","publisher":{"@id":"https:\/\/wp.davidgausa.com\/en\/#organization"},"potentialAction":[{"@type":"SearchAction","target":{"@type":"EntryPoint","urlTemplate":"https:\/\/wp.davidgausa.com\/en\/?s={search_term_string}"},"query-input":{"@type":"PropertyValueSpecification","valueRequired":true,"valueName":"search_term_string"}}],"inLanguage":"en-GB"},{"@type":"Organization","@id":"https:\/\/wp.davidgausa.com\/en\/#organization","name":"David Gausa","url":"https:\/\/wp.davidgausa.com\/en\/","logo":{"@type":"ImageObject","inLanguage":"en-GB","@id":"https:\/\/wp.davidgausa.com\/en\/#\/schema\/logo\/image\/","url":"https:\/\/wp.davidgausa.com\/wp-content\/uploads\/2024\/06\/logo-header-01.png","contentUrl":"https:\/\/wp.davidgausa.com\/wp-content\/uploads\/2024\/06\/logo-header-01.png","width":294,"height":50,"caption":"David Gausa"},"image":{"@id":"https:\/\/wp.davidgausa.com\/en\/#\/schema\/logo\/image\/"}}]}},"_links":{"self":[{"href":"https:\/\/wp.davidgausa.com\/en\/wp-json\/wp\/v2\/pages\/867","targetHints":{"allow":["GET"]}}],"collection":[{"href":"https:\/\/wp.davidgausa.com\/en\/wp-json\/wp\/v2\/pages"}],"about":[{"href":"https:\/\/wp.davidgausa.com\/en\/wp-json\/wp\/v2\/types\/page"}],"author":[{"embeddable":true,"href":"https:\/\/wp.davidgausa.com\/en\/wp-json\/wp\/v2\/users\/2"}],"replies":[{"embeddable":true,"href":"https:\/\/wp.davidgausa.com\/en\/wp-json\/wp\/v2\/comments?post=867"}],"version-history":[{"count":54,"href":"https:\/\/wp.davidgausa.com\/en\/wp-json\/wp\/v2\/pages\/867\/revisions"}],"predecessor-version":[{"id":4655,"href":"https:\/\/wp.davidgausa.com\/en\/wp-json\/wp\/v2\/pages\/867\/revisions\/4655"}],"wp:featuredmedia":[{"embeddable":true,"href":"https:\/\/wp.davidgausa.com\/en\/wp-json\/wp\/v2\/media\/970"}],"wp:attachment":[{"href":"https:\/\/wp.davidgausa.com\/en\/wp-json\/wp\/v2\/media?parent=867"}],"curies":[{"name":"wp","href":"https:\/\/api.w.org\/{rel}","templated":true}]}}